{"id":39795,"date":"2023-07-10T12:22:18","date_gmt":"2023-07-10T12:22:18","guid":{"rendered":"https:\/\/www.vihulamanor.com\/?page_id=39795"},"modified":"2026-03-04T09:42:40","modified_gmt":"2026-03-04T09:42:40","slug":"vaba-aja-tegevused","status":"publish","type":"page","link":"https:\/\/www.vihulamanor.com\/et\/vaba-aja-tegevused\/","title":{"rendered":"Vaba aja tegevused Vihula M\u00f5isas"},"content":{"rendered":"","protected":false},"excerpt":{"rendered":"","protected":false},"author":2,"featured_media":0,"parent":0,"menu_order":0,"comment_status":"closed","ping_status":"closed","template":"","meta":{"_acf_changed":false,"footnotes":""},"class_list":["post-39795","page","type-page","status-publish","hentry"],"acf":[],"yoast_head":"<!-- This site is optimized with the Yoast SEO plugin v25.4 - https:\/\/yoast.com\/wordpress\/plugins\/seo\/ -->\n<title>Vaba aja tegevused Vihula M\u00f5isas - Vihula Manor Country Club &amp; Spa<\/title>\n<meta name=\"description\" content=\"Vihula M\u00f5isas leiad mitmeid v\u00f5imalusi vaba aja veetmiseks. T\u00f6\u00f6toad, loovkoolitused, l\u00f5busad tuurid ja palju muud. Vaata lisa veebist.\" \/>\n<meta name=\"robots\" content=\"index, follow, max-snippet:-1, max-image-preview:large, max-video-preview:-1\" \/>\n<link rel=\"canonical\" href=\"https:\/\/www.vihulamanor.com\/et\/vaba-aja-tegevused\/\" \/>\n<meta property=\"og:locale\" content=\"et_EE\" \/>\n<meta property=\"og:type\" content=\"article\" \/>\n<meta property=\"og:title\" content=\"Vaba aja tegevused Vihula M\u00f5isas - Vihula Manor Country Club &amp; Spa\" \/>\n<meta property=\"og:description\" content=\"Vihula M\u00f5isas leiad mitmeid v\u00f5imalusi vaba aja veetmiseks. T\u00f6\u00f6toad, loovkoolitused, l\u00f5busad tuurid ja palju muud. Vaata lisa veebist.\" \/>\n<meta property=\"og:url\" content=\"https:\/\/www.vihulamanor.com\/et\/vaba-aja-tegevused\/\" \/>\n<meta property=\"og:site_name\" content=\"Vihula Manor Country Club &amp; Spa\" \/>\n<meta property=\"article:modified_time\" content=\"2026-03-04T09:42:40+00:00\" \/>\n<meta name=\"twitter:card\" content=\"summary_large_image\" \/>\n<script type=\"application\/ld+json\" class=\"yoast-schema-graph\">{\"@context\":\"https:\/\/schema.org\",\"@graph\":[{\"@type\":\"WebPage\",\"@id\":\"https:\/\/www.vihulamanor.com\/et\/vaba-aja-tegevused\/\",\"url\":\"https:\/\/www.vihulamanor.com\/et\/vaba-aja-tegevused\/\",\"name\":\"Vaba aja tegevused Vihula M\u00f5isas - Vihula Manor Country Club &amp; Spa\",\"isPartOf\":{\"@id\":\"https:\/\/www.vihulamanor.com\/#website\"},\"datePublished\":\"2023-07-10T12:22:18+00:00\",\"dateModified\":\"2026-03-04T09:42:40+00:00\",\"description\":\"Vihula M\u00f5isas leiad mitmeid v\u00f5imalusi vaba aja veetmiseks. T\u00f6\u00f6toad, loovkoolitused, l\u00f5busad tuurid ja palju muud. Vaata lisa veebist.\",\"breadcrumb\":{\"@id\":\"https:\/\/www.vihulamanor.com\/et\/vaba-aja-tegevused\/#breadcrumb\"},\"inLanguage\":\"et\",\"potentialAction\":[{\"@type\":\"ReadAction\",\"target\":[\"https:\/\/www.vihulamanor.com\/et\/vaba-aja-tegevused\/\"]}]},{\"@type\":\"BreadcrumbList\",\"@id\":\"https:\/\/www.vihulamanor.com\/et\/vaba-aja-tegevused\/#breadcrumb\",\"itemListElement\":[{\"@type\":\"ListItem\",\"position\":1,\"name\":\"Home\",\"item\":\"https:\/\/www.vihulamanor.com\/et\/\"},{\"@type\":\"ListItem\",\"position\":2,\"name\":\"Vaba aja tegevused Vihula M\u00f5isas\"}]},{\"@type\":\"WebSite\",\"@id\":\"https:\/\/www.vihulamanor.com\/#website\",\"url\":\"https:\/\/www.vihulamanor.com\/\",\"name\":\"Vihula Manor Country Club &amp; Spa\",\"description\":\"\",\"publisher\":{\"@id\":\"https:\/\/www.vihulamanor.com\/#organization\"},\"potentialAction\":[{\"@type\":\"SearchAction\",\"target\":{\"@type\":\"EntryPoint\",\"urlTemplate\":\"https:\/\/www.vihulamanor.com\/?s={search_term_string}\"},\"query-input\":{\"@type\":\"PropertyValueSpecification\",\"valueRequired\":true,\"valueName\":\"search_term_string\"}}],\"inLanguage\":\"et\"},{\"@type\":\"Organization\",\"@id\":\"https:\/\/www.vihulamanor.com\/#organization\",\"name\":\"Vihula Manor Country Club &amp; Spa\",\"url\":\"https:\/\/www.vihulamanor.com\/\",\"logo\":{\"@type\":\"ImageObject\",\"inLanguage\":\"et\",\"@id\":\"https:\/\/www.vihulamanor.com\/#\/schema\/logo\/image\/\",\"url\":\"https:\/\/www.vihulamanor.com\/wp-content\/uploads\/sites\/5\/2023\/01\/VM-logo-koduleht-5.png\",\"contentUrl\":\"https:\/\/www.vihulamanor.com\/wp-content\/uploads\/sites\/5\/2023\/01\/VM-logo-koduleht-5.png\",\"width\":250,\"height\":250,\"caption\":\"Vihula Manor Country Club &amp; Spa\"},\"image\":{\"@id\":\"https:\/\/www.vihulamanor.com\/#\/schema\/logo\/image\/\"}}]}<\/script>\n<!-- \/ Yoast SEO plugin. -->","yoast_head_json":{"title":"Vaba aja tegevused Vihula M\u00f5isas - Vihula Manor Country Club &amp; Spa","description":"Vihula M\u00f5isas leiad mitmeid v\u00f5imalusi vaba aja veetmiseks. T\u00f6\u00f6toad, loovkoolitused, l\u00f5busad tuurid ja palju muud. Vaata lisa veebist.","robots":{"index":"index","follow":"follow","max-snippet":"max-snippet:-1","max-image-preview":"max-image-preview:large","max-video-preview":"max-video-preview:-1"},"canonical":"https:\/\/www.vihulamanor.com\/et\/vaba-aja-tegevused\/","og_locale":"et_EE","og_type":"article","og_title":"Vaba aja tegevused Vihula M\u00f5isas - Vihula Manor Country Club &amp; Spa","og_description":"Vihula M\u00f5isas leiad mitmeid v\u00f5imalusi vaba aja veetmiseks. T\u00f6\u00f6toad, loovkoolitused, l\u00f5busad tuurid ja palju muud. Vaata lisa veebist.","og_url":"https:\/\/www.vihulamanor.com\/et\/vaba-aja-tegevused\/","og_site_name":"Vihula Manor Country Club &amp; Spa","article_modified_time":"2026-03-04T09:42:40+00:00","twitter_card":"summary_large_image","schema":{"@context":"https:\/\/schema.org","@graph":[{"@type":"WebPage","@id":"https:\/\/www.vihulamanor.com\/et\/vaba-aja-tegevused\/","url":"https:\/\/www.vihulamanor.com\/et\/vaba-aja-tegevused\/","name":"Vaba aja tegevused Vihula M\u00f5isas - Vihula Manor Country Club &amp; Spa","isPartOf":{"@id":"https:\/\/www.vihulamanor.com\/#website"},"datePublished":"2023-07-10T12:22:18+00:00","dateModified":"2026-03-04T09:42:40+00:00","description":"Vihula M\u00f5isas leiad mitmeid v\u00f5imalusi vaba aja veetmiseks. T\u00f6\u00f6toad, loovkoolitused, l\u00f5busad tuurid ja palju muud. Vaata lisa veebist.","breadcrumb":{"@id":"https:\/\/www.vihulamanor.com\/et\/vaba-aja-tegevused\/#breadcrumb"},"inLanguage":"et","potentialAction":[{"@type":"ReadAction","target":["https:\/\/www.vihulamanor.com\/et\/vaba-aja-tegevused\/"]}]},{"@type":"BreadcrumbList","@id":"https:\/\/www.vihulamanor.com\/et\/vaba-aja-tegevused\/#breadcrumb","itemListElement":[{"@type":"ListItem","position":1,"name":"Home","item":"https:\/\/www.vihulamanor.com\/et\/"},{"@type":"ListItem","position":2,"name":"Vaba aja tegevused Vihula M\u00f5isas"}]},{"@type":"WebSite","@id":"https:\/\/www.vihulamanor.com\/#website","url":"https:\/\/www.vihulamanor.com\/","name":"Vihula Manor Country Club &amp; Spa","description":"","publisher":{"@id":"https:\/\/www.vihulamanor.com\/#organization"},"potentialAction":[{"@type":"SearchAction","target":{"@type":"EntryPoint","urlTemplate":"https:\/\/www.vihulamanor.com\/?s={search_term_string}"},"query-input":{"@type":"PropertyValueSpecification","valueRequired":true,"valueName":"search_term_string"}}],"inLanguage":"et"},{"@type":"Organization","@id":"https:\/\/www.vihulamanor.com\/#organization","name":"Vihula Manor Country Club &amp; Spa","url":"https:\/\/www.vihulamanor.com\/","logo":{"@type":"ImageObject","inLanguage":"et","@id":"https:\/\/www.vihulamanor.com\/#\/schema\/logo\/image\/","url":"https:\/\/www.vihulamanor.com\/wp-content\/uploads\/sites\/5\/2023\/01\/VM-logo-koduleht-5.png","contentUrl":"https:\/\/www.vihulamanor.com\/wp-content\/uploads\/sites\/5\/2023\/01\/VM-logo-koduleht-5.png","width":250,"height":250,"caption":"Vihula Manor Country Club &amp; Spa"},"image":{"@id":"https:\/\/www.vihulamanor.com\/#\/schema\/logo\/image\/"}}]}},"_links":{"self":[{"href":"https:\/\/www.vihulamanor.com\/et\/wp-json\/wp\/v2\/pages\/39795","targetHints":{"allow":["GET"]}}],"collection":[{"href":"https:\/\/www.vihulamanor.com\/et\/wp-json\/wp\/v2\/pages"}],"about":[{"href":"https:\/\/www.vihulamanor.com\/et\/wp-json\/wp\/v2\/types\/page"}],"author":[{"embeddable":true,"href":"https:\/\/www.vihulamanor.com\/et\/wp-json\/wp\/v2\/users\/2"}],"replies":[{"embeddable":true,"href":"https:\/\/www.vihulamanor.com\/et\/wp-json\/wp\/v2\/comments?post=39795"}],"version-history":[{"count":7,"href":"https:\/\/www.vihulamanor.com\/et\/wp-json\/wp\/v2\/pages\/39795\/revisions"}],"predecessor-version":[{"id":45516,"href":"https:\/\/www.vihulamanor.com\/et\/wp-json\/wp\/v2\/pages\/39795\/revisions\/45516"}],"wp:attachment":[{"href":"https:\/\/www.vihulamanor.com\/et\/wp-json\/wp\/v2\/media?parent=39795"}],"curies":[{"name":"wp","href":"https:\/\/api.w.org\/{rel}","templated":true}]}}