{"id":13333,"date":"2020-01-06T09:06:26","date_gmt":"2020-01-06T09:06:26","guid":{"rendered":"https:\/\/www.vihulamanor.com\/?page_id=13333"},"modified":"2025-11-03T12:41:52","modified_gmt":"2025-11-03T12:41:52","slug":"ujula-ja-saun","status":"publish","type":"page","link":"https:\/\/www.vihulamanor.com\/et\/spaa\/ujula-ja-saun\/","title":{"rendered":"Ujula- ja saunakeskus"},"content":{"rendered":"","protected":false},"excerpt":{"rendered":"","protected":false},"author":2,"featured_media":0,"parent":4334,"menu_order":0,"comment_status":"closed","ping_status":"closed","template":"","meta":{"_acf_changed":false,"footnotes":""},"class_list":["post-13333","page","type-page","status-publish","hentry"],"acf":[],"yoast_head":"<!-- This site is optimized with the Yoast SEO plugin v25.4 - https:\/\/yoast.com\/wordpress\/plugins\/seo\/ -->\n<title>Ujula- ja saunakeskus - Vihula Manor Country Club &amp; Spa<\/title>\n<meta name=\"description\" content=\"Vihula M\u00f5isa ujula- ja saunakeskusest leiad neli uut oman\u00e4olise ja l\u00e4bim\u00f5eldud kujundusega sauna ja 15-meetrise basseini. Tule l\u00f5\u00f5gastuma!\" \/>\n<meta name=\"robots\" content=\"index, follow, max-snippet:-1, max-image-preview:large, max-video-preview:-1\" \/>\n<link rel=\"canonical\" href=\"https:\/\/www.vihulamanor.com\/et\/spaa\/ujula-ja-saun\/\" \/>\n<meta property=\"og:locale\" content=\"et_EE\" \/>\n<meta property=\"og:type\" content=\"article\" \/>\n<meta property=\"og:title\" content=\"Ujula- ja saunakeskus - Vihula Manor Country Club &amp; Spa\" \/>\n<meta property=\"og:description\" content=\"Vihula M\u00f5isa ujula- ja saunakeskusest leiad neli uut oman\u00e4olise ja l\u00e4bim\u00f5eldud kujundusega sauna ja 15-meetrise basseini. Tule l\u00f5\u00f5gastuma!\" \/>\n<meta property=\"og:url\" content=\"https:\/\/www.vihulamanor.com\/et\/spaa\/ujula-ja-saun\/\" \/>\n<meta property=\"og:site_name\" content=\"Vihula Manor Country Club &amp; Spa\" \/>\n<meta property=\"article:modified_time\" content=\"2025-11-03T12:41:52+00:00\" \/>\n<meta name=\"twitter:card\" content=\"summary_large_image\" \/>\n<script type=\"application\/ld+json\" class=\"yoast-schema-graph\">{\"@context\":\"https:\/\/schema.org\",\"@graph\":[{\"@type\":\"WebPage\",\"@id\":\"https:\/\/www.vihulamanor.com\/et\/spaa\/ujula-ja-saun\/\",\"url\":\"https:\/\/www.vihulamanor.com\/et\/spaa\/ujula-ja-saun\/\",\"name\":\"Ujula- ja saunakeskus - Vihula Manor Country Club &amp; Spa\",\"isPartOf\":{\"@id\":\"https:\/\/www.vihulamanor.com\/#website\"},\"datePublished\":\"2020-01-06T09:06:26+00:00\",\"dateModified\":\"2025-11-03T12:41:52+00:00\",\"description\":\"Vihula M\u00f5isa ujula- ja saunakeskusest leiad neli uut oman\u00e4olise ja l\u00e4bim\u00f5eldud kujundusega sauna ja 15-meetrise basseini. Tule l\u00f5\u00f5gastuma!\",\"breadcrumb\":{\"@id\":\"https:\/\/www.vihulamanor.com\/et\/spaa\/ujula-ja-saun\/#breadcrumb\"},\"inLanguage\":\"et\",\"potentialAction\":[{\"@type\":\"ReadAction\",\"target\":[\"https:\/\/www.vihulamanor.com\/et\/spaa\/ujula-ja-saun\/\"]}]},{\"@type\":\"BreadcrumbList\",\"@id\":\"https:\/\/www.vihulamanor.com\/et\/spaa\/ujula-ja-saun\/#breadcrumb\",\"itemListElement\":[{\"@type\":\"ListItem\",\"position\":1,\"name\":\"Home\",\"item\":\"https:\/\/www.vihulamanor.com\/et\/\"},{\"@type\":\"ListItem\",\"position\":2,\"name\":\"Spaa\",\"item\":\"https:\/\/www.vihulamanor.com\/et\/spaa\/\"},{\"@type\":\"ListItem\",\"position\":3,\"name\":\"Ujula- ja saunakeskus\"}]},{\"@type\":\"WebSite\",\"@id\":\"https:\/\/www.vihulamanor.com\/#website\",\"url\":\"https:\/\/www.vihulamanor.com\/\",\"name\":\"Vihula Manor Country Club &amp; Spa\",\"description\":\"\",\"publisher\":{\"@id\":\"https:\/\/www.vihulamanor.com\/#organization\"},\"potentialAction\":[{\"@type\":\"SearchAction\",\"target\":{\"@type\":\"EntryPoint\",\"urlTemplate\":\"https:\/\/www.vihulamanor.com\/?s={search_term_string}\"},\"query-input\":{\"@type\":\"PropertyValueSpecification\",\"valueRequired\":true,\"valueName\":\"search_term_string\"}}],\"inLanguage\":\"et\"},{\"@type\":\"Organization\",\"@id\":\"https:\/\/www.vihulamanor.com\/#organization\",\"name\":\"Vihula Manor Country Club &amp; Spa\",\"url\":\"https:\/\/www.vihulamanor.com\/\",\"logo\":{\"@type\":\"ImageObject\",\"inLanguage\":\"et\",\"@id\":\"https:\/\/www.vihulamanor.com\/#\/schema\/logo\/image\/\",\"url\":\"https:\/\/www.vihulamanor.com\/wp-content\/uploads\/sites\/5\/2023\/01\/VM-logo-koduleht-5.png\",\"contentUrl\":\"https:\/\/www.vihulamanor.com\/wp-content\/uploads\/sites\/5\/2023\/01\/VM-logo-koduleht-5.png\",\"width\":250,\"height\":250,\"caption\":\"Vihula Manor Country Club &amp; Spa\"},\"image\":{\"@id\":\"https:\/\/www.vihulamanor.com\/#\/schema\/logo\/image\/\"}}]}<\/script>\n<!-- \/ Yoast SEO plugin. -->","yoast_head_json":{"title":"Ujula- ja saunakeskus - Vihula Manor Country Club &amp; Spa","description":"Vihula M\u00f5isa ujula- ja saunakeskusest leiad neli uut oman\u00e4olise ja l\u00e4bim\u00f5eldud kujundusega sauna ja 15-meetrise basseini. Tule l\u00f5\u00f5gastuma!","robots":{"index":"index","follow":"follow","max-snippet":"max-snippet:-1","max-image-preview":"max-image-preview:large","max-video-preview":"max-video-preview:-1"},"canonical":"https:\/\/www.vihulamanor.com\/et\/spaa\/ujula-ja-saun\/","og_locale":"et_EE","og_type":"article","og_title":"Ujula- ja saunakeskus - Vihula Manor Country Club &amp; Spa","og_description":"Vihula M\u00f5isa ujula- ja saunakeskusest leiad neli uut oman\u00e4olise ja l\u00e4bim\u00f5eldud kujundusega sauna ja 15-meetrise basseini. Tule l\u00f5\u00f5gastuma!","og_url":"https:\/\/www.vihulamanor.com\/et\/spaa\/ujula-ja-saun\/","og_site_name":"Vihula Manor Country Club &amp; Spa","article_modified_time":"2025-11-03T12:41:52+00:00","twitter_card":"summary_large_image","schema":{"@context":"https:\/\/schema.org","@graph":[{"@type":"WebPage","@id":"https:\/\/www.vihulamanor.com\/et\/spaa\/ujula-ja-saun\/","url":"https:\/\/www.vihulamanor.com\/et\/spaa\/ujula-ja-saun\/","name":"Ujula- ja saunakeskus - Vihula Manor Country Club &amp; Spa","isPartOf":{"@id":"https:\/\/www.vihulamanor.com\/#website"},"datePublished":"2020-01-06T09:06:26+00:00","dateModified":"2025-11-03T12:41:52+00:00","description":"Vihula M\u00f5isa ujula- ja saunakeskusest leiad neli uut oman\u00e4olise ja l\u00e4bim\u00f5eldud kujundusega sauna ja 15-meetrise basseini. Tule l\u00f5\u00f5gastuma!","breadcrumb":{"@id":"https:\/\/www.vihulamanor.com\/et\/spaa\/ujula-ja-saun\/#breadcrumb"},"inLanguage":"et","potentialAction":[{"@type":"ReadAction","target":["https:\/\/www.vihulamanor.com\/et\/spaa\/ujula-ja-saun\/"]}]},{"@type":"BreadcrumbList","@id":"https:\/\/www.vihulamanor.com\/et\/spaa\/ujula-ja-saun\/#breadcrumb","itemListElement":[{"@type":"ListItem","position":1,"name":"Home","item":"https:\/\/www.vihulamanor.com\/et\/"},{"@type":"ListItem","position":2,"name":"Spaa","item":"https:\/\/www.vihulamanor.com\/et\/spaa\/"},{"@type":"ListItem","position":3,"name":"Ujula- ja saunakeskus"}]},{"@type":"WebSite","@id":"https:\/\/www.vihulamanor.com\/#website","url":"https:\/\/www.vihulamanor.com\/","name":"Vihula Manor Country Club &amp; Spa","description":"","publisher":{"@id":"https:\/\/www.vihulamanor.com\/#organization"},"potentialAction":[{"@type":"SearchAction","target":{"@type":"EntryPoint","urlTemplate":"https:\/\/www.vihulamanor.com\/?s={search_term_string}"},"query-input":{"@type":"PropertyValueSpecification","valueRequired":true,"valueName":"search_term_string"}}],"inLanguage":"et"},{"@type":"Organization","@id":"https:\/\/www.vihulamanor.com\/#organization","name":"Vihula Manor Country Club &amp; Spa","url":"https:\/\/www.vihulamanor.com\/","logo":{"@type":"ImageObject","inLanguage":"et","@id":"https:\/\/www.vihulamanor.com\/#\/schema\/logo\/image\/","url":"https:\/\/www.vihulamanor.com\/wp-content\/uploads\/sites\/5\/2023\/01\/VM-logo-koduleht-5.png","contentUrl":"https:\/\/www.vihulamanor.com\/wp-content\/uploads\/sites\/5\/2023\/01\/VM-logo-koduleht-5.png","width":250,"height":250,"caption":"Vihula Manor Country Club &amp; Spa"},"image":{"@id":"https:\/\/www.vihulamanor.com\/#\/schema\/logo\/image\/"}}]}},"_links":{"self":[{"href":"https:\/\/www.vihulamanor.com\/et\/wp-json\/wp\/v2\/pages\/13333","targetHints":{"allow":["GET"]}}],"collection":[{"href":"https:\/\/www.vihulamanor.com\/et\/wp-json\/wp\/v2\/pages"}],"about":[{"href":"https:\/\/www.vihulamanor.com\/et\/wp-json\/wp\/v2\/types\/page"}],"author":[{"embeddable":true,"href":"https:\/\/www.vihulamanor.com\/et\/wp-json\/wp\/v2\/users\/2"}],"replies":[{"embeddable":true,"href":"https:\/\/www.vihulamanor.com\/et\/wp-json\/wp\/v2\/comments?post=13333"}],"version-history":[{"count":191,"href":"https:\/\/www.vihulamanor.com\/et\/wp-json\/wp\/v2\/pages\/13333\/revisions"}],"predecessor-version":[{"id":44750,"href":"https:\/\/www.vihulamanor.com\/et\/wp-json\/wp\/v2\/pages\/13333\/revisions\/44750"}],"up":[{"embeddable":true,"href":"https:\/\/www.vihulamanor.com\/et\/wp-json\/wp\/v2\/pages\/4334"}],"wp:attachment":[{"href":"https:\/\/www.vihulamanor.com\/et\/wp-json\/wp\/v2\/media?parent=13333"}],"curies":[{"name":"wp","href":"https:\/\/api.w.org\/{rel}","templated":true}]}}